{"id":33,"date":"2024-09-03T09:41:09","date_gmt":"2024-09-03T09:41:09","guid":{"rendered":"http:\/\/www.nupuplanning.fi\/?page_id=33"},"modified":"2024-09-03T11:23:45","modified_gmt":"2024-09-03T11:23:45","slug":"info","status":"publish","type":"page","link":"http:\/\/www.nupuplanning.fi\/?page_id=33","title":{"rendered":"Info"},"content":{"rendered":"\n<p><strong>NUPUn <\/strong>osakkailla on monivuotinen ja monipuolinen kokemus alue- ja kaavakehityksen hallinnasta, eritasoisten suunnitelmien laatimisesta, yleis- ja asemakaavaprosesseista sek\u00e4 valmistelusta poliittista p\u00e4\u00e4t\u00f6ksentekoa varten. Taustamme on kaupunkisuunnittelussa ja kaavanlaadinnassa, jota olemme tehneet sek\u00e4 yksityisill\u00e4 ett\u00e4 kunnallisilla tahoilla.<\/p>\n\n\n\n<p>Osaamisemme keski\u00f6ss\u00e4 ovat muun muassa:<\/p>\n\n\n\n<ul class=\"wp-block-list\">\n<li>Kaupunginosien ja keskusten toiminnallinen ja kaupunkikuvallinen kehitt\u00e4minen ja lis\u00e4rakentaminen<\/li>\n\n\n\n<li>Rakennettujen arvoymp\u00e4rist\u00f6jen erityiskysymykset ja sovittava t\u00e4ydennysrakentaminen<\/li>\n\n\n\n<li>Rakentamattomien kiinteist\u00f6jen ja uusien aluekokonaisuuksien kehitt\u00e4minen, uudisrakentamisen suunnittelu ja kaavakehitys<\/li>\n\n\n\n<li>Julkisen kaupunkitilan parannukset ja ihmisl\u00e4ht\u00f6iset uudistukset, taide rakentamisessa ja kaupunkisuunnittelussa<\/li>\n<\/ul>\n\n\n\n<div style=\"height:30px\" aria-hidden=\"true\" class=\"wp-block-spacer\"><\/div>\n\n\n\n<h2 class=\"wp-block-heading\">Osakkaat<\/h2>\n\n\n\n<p><strong>Milla Nummikoski<\/strong><br>arkkitehti SAFA<\/p>\n\n\n\n<p><strong>Perttu Pulkka<\/strong><br>arkkitehti SAFA<\/p>\n\n\n\n<div style=\"height:30px\" aria-hidden=\"true\" class=\"wp-block-spacer\"><\/div>\n\n\n\n<h2 class=\"wp-block-heading\">Yhteystiedot<\/h2>\n\n\n\n<p>Sijaitsemme Helsingiss\u00e4, toimimme monipaikkaisesti.<br><br>S\u00e4hk\u00f6posti: info(at)nupuplanning.fi<\/p>\n\n\n\n<div style=\"height:20px\" aria-hidden=\"true\" class=\"wp-block-spacer\"><\/div>\n\n\n\n<div class=\"wp-block-buttons is-layout-flex wp-block-buttons-is-layout-flex\">\n<div class=\"wp-block-button\"><a class=\"wp-block-button__link wp-element-button\" href=\"mailto: info@nupuplanning.fi\">Ota yhteytt\u00e4<\/a><\/div>\n<\/div>\n\n\n\n<p><\/p>\n","protected":false},"excerpt":{"rendered":"<p>NUPUn osakkailla on monivuotinen ja monipuolinen kokemus alue- ja kaavakehityksen hallinnasta, eritasoisten suunnitelmien laatimisesta, yleis- ja asemakaavaprosesseista sek\u00e4 valmistelusta poliittista p\u00e4\u00e4t\u00f6ksentekoa varten. Taustamme on kaupunkisuunnittelussa ja kaavanlaadinnassa, jota olemme tehneet sek\u00e4 yksityisill\u00e4 ett\u00e4 kunnallisilla tahoilla. Osaamisemme keski\u00f6ss\u00e4 ovat muun muassa: Osakkaat Milla Nummikoskiarkkitehti SAFA Perttu Pulkkaarkkitehti SAFA Yhteystiedot Sijaitsemme Helsingiss\u00e4, toimimme monipaikkaisesti. S\u00e4hk\u00f6posti: info(at)nupuplanning.fi<\/p>\n","protected":false},"author":1,"featured_media":0,"parent":0,"menu_order":0,"comment_status":"closed","ping_status":"closed","template":"","meta":{"footnotes":""},"class_list":["post-33","page","type-page","status-publish","hentry"],"_links":{"self":[{"href":"http:\/\/www.nupuplanning.fi\/index.php?rest_route=\/wp\/v2\/pages\/33"}],"collection":[{"href":"http:\/\/www.nupuplanning.fi\/index.php?rest_route=\/wp\/v2\/pages"}],"about":[{"href":"http:\/\/www.nupuplanning.fi\/index.php?rest_route=\/wp\/v2\/types\/page"}],"author":[{"embeddable":true,"href":"http:\/\/www.nupuplanning.fi\/index.php?rest_route=\/wp\/v2\/users\/1"}],"replies":[{"embeddable":true,"href":"http:\/\/www.nupuplanning.fi\/index.php?rest_route=%2Fwp%2Fv2%2Fcomments&post=33"}],"version-history":[{"count":8,"href":"http:\/\/www.nupuplanning.fi\/index.php?rest_route=\/wp\/v2\/pages\/33\/revisions"}],"predecessor-version":[{"id":78,"href":"http:\/\/www.nupuplanning.fi\/index.php?rest_route=\/wp\/v2\/pages\/33\/revisions\/78"}],"wp:attachment":[{"href":"http:\/\/www.nupuplanning.fi\/index.php?rest_route=%2Fwp%2Fv2%2Fmedia&parent=33"}],"curies":[{"name":"wp","href":"https:\/\/api.w.org\/{rel}","templated":true}]}}